{"id":1574,"date":"2023-07-01T09:56:32","date_gmt":"2023-07-01T09:56:32","guid":{"rendered":"https:\/\/cp.maintask.dev\/?page_id=1574"},"modified":"2023-08-17T08:17:55","modified_gmt":"2023-08-17T08:17:55","slug":"nicotine-pouches-survey-2023","status":"publish","type":"page","link":"https:\/\/cp.maintask.dev\/sv\/nikotinpasar-undersokning-2023\/","title":{"rendered":"Nikotinp\u00e5sar-unders\u00f6kning 2023"},"content":{"rendered":"<div data-elementor-type=\"wp-page\" data-elementor-id=\"1574\" class=\"elementor elementor-1574\" data-elementor-post-type=\"page\">\n\t\t\t\t\t\t<section class=\"elementor-section elementor-top-section elementor-element elementor-element-5148c9b elementor-section-height-min-height elementor-section-boxed elementor-section-height-default elementor-section-items-middle\" data-id=\"5148c9b\" data-element_type=\"section\" data-settings=\"{&quot;background_background&quot;:&quot;classic&quot;,&quot;shape_divider_bottom&quot;:&quot;lqd-custom-shape-12&quot;}\">\n\t\t\t\t\t<div class=\"elementor-shape elementor-shape-bottom\" data-negative=\"false\">\n\t\t\t<svg class=\"lqd-custom-shape\" xmlns=\"http:\/\/www.w3.org\/2000\/svg\" preserveaspectratio=\"none\"  viewbox=\"0 0 1440 150\">\n    <path class=\"elementor-shape-fill\" d=\"M 0 26.1978 C 275.76 83.8152 430.707 65.0509 716.279 25.6386 C 930.422 -3.86123 1210.32 -3.98357 1439 9.18045 C 2072.34 45.9691 2201.93 62.4429 2560 26.198 V 172.199 L 0 172.199 V 26.1978 Z\">\n        <animate repeatcount=\"indefinite\" fill=\"freeze\" attributename=\"d\" dur=\"10s\" values=\"M0 25.9086C277 84.5821 433 65.736 720 25.9086C934.818 -3.9019 1214.06 -5.23669 1442 8.06597C2079 45.2421 2208 63.5007 2560 25.9088V171.91L0 171.91V25.9086Z; M0 86.3149C316 86.315 444 159.155 884 51.1554C1324 -56.8446 1320.29 34.1214 1538 70.4063C1814 116.407 2156 188.408 2560 86.315V232.317L0 232.316V86.3149Z; M0 53.6584C158 11.0001 213 0 363 0C513 0 855.555 115.001 1154 115.001C1440 115.001 1626 -38.0004 2560 53.6585V199.66L0 199.66V53.6584Z; M0 25.9086C277 84.5821 433 65.736 720 25.9086C934.818 -3.9019 1214.06 -5.23669 1442 8.06597C2079 45.2421 2208 63.5007 2560 25.9088V171.91L0 171.91V25.9086Z\">\n        <\/animate>\n    <\/path>\n<\/svg>\t\t<\/div>\n\t\t\t\t\t<div class=\"elementor-container elementor-column-gap-default\">\n\t\t\t\t\t<div class=\"elementor-column elementor-col-100 elementor-top-column elementor-element elementor-element-ccb51d8\" data-id=\"ccb51d8\" data-element_type=\"column\">\n\t\t\t<div class=\"elementor-widget-wrap elementor-element-populated\">\n\t\t\t\t\t\t<div class=\"elementor-element elementor-element-023ff53 elementor-widget elementor-widget-hub_fancy_heading\" data-id=\"023ff53\" data-element_type=\"widget\" data-widget_type=\"hub_fancy_heading.default\">\n\t\t\t\t<div class=\"elementor-widget-container\">\n\t\t\t\n\t\t<div id=\"ld-fancy-heading-69d2cdab46816\" class=\"ld-fancy-heading pos-rel\">\n\t\t\t\t\t<\/div>\n\n\t\t\t\t<\/div>\n\t\t\t\t<\/div>\n\t\t\t\t\t<\/div>\n\t\t<\/div>\n\t\t\t\t\t<\/div>\n\t\t<\/section>\n\t\t<div class=\"elementor-element elementor-element-7648c78 e-flex e-con-boxed e-con e-parent\" data-id=\"7648c78\" data-element_type=\"container\" data-core-v316-plus=\"true\">\n\t\t\t\t\t<div class=\"e-con-inner\">\n\t\t\t\t<div class=\"elementor-element elementor-element-d7c2cf2 elementor-widget elementor-widget-text-editor\" data-id=\"d7c2cf2\" data-element_type=\"widget\" data-widget_type=\"text-editor.default\">\n\t\t\t\t<div class=\"elementor-widget-container\">\n\t\t\t<style>\/*! elementor - v3.20.0 - 10-04-2024 *\/\n.elementor-widget-text-editor.elementor-drop-cap-view-stacked .elementor-drop-cap{background-color:#69727d;color:#fff}.elementor-widget-text-editor.elementor-drop-cap-view-framed .elementor-drop-cap{color:#69727d;border:3px solid;background-color:transparent}.elementor-widget-text-editor:not(.elementor-drop-cap-view-default) .elementor-drop-cap{margin-top:8px}.elementor-widget-text-editor:not(.elementor-drop-cap-view-default) .elementor-drop-cap-letter{width:1em;height:1em}.elementor-widget-text-editor .elementor-drop-cap{float:left;text-align:center;line-height:1;font-size:50px}.elementor-widget-text-editor .elementor-drop-cap-letter{display:inline-block}<\/style>\t\t\t\t<p>Considerate Pouchers, en ledande konsumentorganisation, \u00e4r stolta \u00f6ver att tillk\u00e4nnage lanseringen av Nicotine Pouch Survey 2023, en omfattande global unders\u00f6kning utformad f\u00f6r att samla in v\u00e4rdefulla insikter fr\u00e5n nikotinp\u00e5sar \u00f6ver hela v\u00e4rlden. Unders\u00f6kningen syftar till att b\u00e4ttre f\u00f6rst\u00e5 preferenser, upplevelser och behov hos pouchanv\u00e4ndare, och i slut\u00e4ndan f\u00f6respr\u00e5kar deras r\u00f6ster att bli h\u00f6rda av politiker.<\/p>\t\t\t\t\t\t<\/div>\n\t\t\t\t<\/div>\n\t\t\t\t\t<\/div>\n\t\t\t\t<\/div>\n\t\t<div class=\"elementor-element elementor-element-328ca35 e-flex e-con-boxed e-con e-parent\" data-id=\"328ca35\" data-element_type=\"container\" data-core-v316-plus=\"true\">\n\t\t\t\t\t<div class=\"e-con-inner\">\n\t\t\t\t<div class=\"elementor-element elementor-element-b41061d elementor-widget elementor-widget-html\" data-id=\"b41061d\" data-element_type=\"widget\" data-widget_type=\"html.default\">\n\t\t\t\t<div class=\"elementor-widget-container\">\n\t\t\t<div class=\"framecontainer\">\n    <iframe class=\"responsive-iframe\" src=\"https:\/\/docs.google.com\/forms\/d\/e\/1FAIpQLSefUPioXJ0I6twNwRdKiivTfILXsGCy4taJT8a9zQtU7bP-3Q\/viewform?embedded=true\" width=\"50%\"  frameborder=\"0\" marginheight=\"0\" marginwidth=\"0\">L\u00e4ser in\u2026\n    <\/iframe>\n<\/div>\n<style>\n.framecontainer {\n  position: relative;\n  width: 100%;\n  overflow: hidden;\n  padding-bottom: 260%; \n}\n\n.responsive-iframe {\n  position: absolute;\n  top: 0;\n  left: 0;\n  bottom: 0;\n  right: 0;\n  height: 100%;\n  border: none;\n}\n\/*\n@media only screen and (max-width: 1199px) {\n   .framecontainer {\n  padding-top: 70%; \n}\n} *\/\n@media only screen and (max-width: 767px) {\n       .framecontainer {\n  padding-top: 500vh; \n}\n}\n\n<\/style>\t\t<\/div>\n\t\t\t\t<\/div>\n\t\t\t\t\t<\/div>\n\t\t\t\t<\/div>\n\t\t\t\t<\/div>","protected":false},"excerpt":{"rendered":"<p>Considerate Pouchers, en ledande konsumentorganisation, \u00e4r stolta \u00f6ver att tillk\u00e4nnage lanseringen av Nicotine Pouch Survey 2023, en omfattande global unders\u00f6kning utformad f\u00f6r att samla in v\u00e4rdefulla insikter fr\u00e5n nikotinp\u00e5sar \u00f6ver hela v\u00e4rlden. Unders\u00f6kningen syftar till att b\u00e4ttre f\u00f6rst\u00e5 preferenser, upplevelser och behov hos pouchanv\u00e4ndare, och i slut\u00e4ndan f\u00f6respr\u00e5kar deras r\u00f6ster att bli h\u00f6rda av politiker.<\/p>","protected":false},"author":4,"featured_media":0,"parent":0,"menu_order":0,"comment_status":"closed","ping_status":"closed","template":"","meta":{"footnotes":""},"class_list":["post-1574","page","type-page","status-publish","hentry"],"yoast_head":"<!-- This site is optimized with the Yoast SEO plugin v22.4 - https:\/\/yoast.com\/wordpress\/plugins\/seo\/ -->\n<title>Nicotine Pouches Survey 2023 - Considerate Pouchers<\/title>\n<meta name=\"robots\" content=\"index, follow, max-snippet:-1, max-image-preview:large, max-video-preview:-1\" \/>\n<link rel=\"canonical\" href=\"https:\/\/cp.maintask.dev\/sv\/nikotinpasar-undersokning-2023\/\" \/>\n<meta property=\"og:locale\" content=\"sv_SE\" \/>\n<meta property=\"og:type\" content=\"article\" \/>\n<meta property=\"og:title\" content=\"Nicotine Pouches Survey 2023 - Considerate Pouchers\" \/>\n<meta property=\"og:description\" content=\"Considerate Pouchers, a leading consumer advocacy organization, is proud to announce the launch of the Nicotine Pouch Survey 2023, a comprehensive global survey designed to gather valuable insights from nicotine pouchers worldwide. The survey aims to better understand the preferences, experiences, and needs of pouch users, ultimately advocating for their voices to be heard by [&hellip;]\" \/>\n<meta property=\"og:url\" content=\"https:\/\/cp.maintask.dev\/sv\/nikotinpasar-undersokning-2023\/\" \/>\n<meta property=\"og:site_name\" content=\"Considerate Pouchers\" \/>\n<meta property=\"article:publisher\" content=\"https:\/\/www.facebook.com\/cpouchers\" \/>\n<meta property=\"article:modified_time\" content=\"2023-08-17T08:17:55+00:00\" \/>\n<meta name=\"twitter:card\" content=\"summary_large_image\" \/>\n<meta name=\"twitter:site\" content=\"@CPouchers\" \/>\n<script type=\"application\/ld+json\" class=\"yoast-schema-graph\">{\"@context\":\"https:\/\/schema.org\",\"@graph\":[{\"@type\":\"WebPage\",\"@id\":\"https:\/\/cp.maintask.dev\/nicotine-pouches-survey-2023\/\",\"url\":\"https:\/\/cp.maintask.dev\/nicotine-pouches-survey-2023\/\",\"name\":\"Nicotine Pouches Survey 2023 - Considerate Pouchers\",\"isPartOf\":{\"@id\":\"https:\/\/consideratepouchers.org\/#website\"},\"datePublished\":\"2023-07-01T09:56:32+00:00\",\"dateModified\":\"2023-08-17T08:17:55+00:00\",\"breadcrumb\":{\"@id\":\"https:\/\/cp.maintask.dev\/nicotine-pouches-survey-2023\/#breadcrumb\"},\"inLanguage\":\"sv-SE\",\"potentialAction\":[{\"@type\":\"ReadAction\",\"target\":[\"https:\/\/cp.maintask.dev\/nicotine-pouches-survey-2023\/\"]}]},{\"@type\":\"BreadcrumbList\",\"@id\":\"https:\/\/cp.maintask.dev\/nicotine-pouches-survey-2023\/#breadcrumb\",\"itemListElement\":[{\"@type\":\"ListItem\",\"position\":1,\"name\":\"Home\",\"item\":\"https:\/\/cp.maintask.dev\/\"},{\"@type\":\"ListItem\",\"position\":2,\"name\":\"Nicotine Pouches Survey 2023\"}]},{\"@type\":\"WebSite\",\"@id\":\"https:\/\/consideratepouchers.org\/#website\",\"url\":\"https:\/\/consideratepouchers.org\/\",\"name\":\"Considerate Pouchers\",\"description\":\"Improving Health &amp; Combatting Misinformation\",\"publisher\":{\"@id\":\"https:\/\/consideratepouchers.org\/#organization\"},\"potentialAction\":[{\"@type\":\"SearchAction\",\"target\":{\"@type\":\"EntryPoint\",\"urlTemplate\":\"https:\/\/consideratepouchers.org\/?s={search_term_string}\"},\"query-input\":\"required name=search_term_string\"}],\"inLanguage\":\"sv-SE\"},{\"@type\":\"Organization\",\"@id\":\"https:\/\/consideratepouchers.org\/#organization\",\"name\":\"Considerate Pouchers\",\"url\":\"https:\/\/consideratepouchers.org\/\",\"logo\":{\"@type\":\"ImageObject\",\"inLanguage\":\"sv-SE\",\"@id\":\"https:\/\/consideratepouchers.org\/#\/schema\/logo\/image\/\",\"url\":\"https:\/\/cp.maintask.dev\/wp-content\/uploads\/2021\/07\/Considerate-Pouchers-lOGO.png\",\"contentUrl\":\"https:\/\/cp.maintask.dev\/wp-content\/uploads\/2021\/07\/Considerate-Pouchers-lOGO.png\",\"width\":504,\"height\":504,\"caption\":\"Considerate Pouchers\"},\"image\":{\"@id\":\"https:\/\/consideratepouchers.org\/#\/schema\/logo\/image\/\"},\"sameAs\":[\"https:\/\/www.facebook.com\/cpouchers\",\"https:\/\/twitter.com\/CPouchers\",\"https:\/\/www.instagram.com\/cpouchers\"]}]}<\/script>\n<!-- \/ Yoast SEO plugin. -->","yoast_head_json":{"title":"Nicotine Pouches Survey 2023 - Considerate Pouchers","robots":{"index":"index","follow":"follow","max-snippet":"max-snippet:-1","max-image-preview":"max-image-preview:large","max-video-preview":"max-video-preview:-1"},"canonical":"https:\/\/cp.maintask.dev\/sv\/nikotinpasar-undersokning-2023\/","og_locale":"sv_SE","og_type":"article","og_title":"Nicotine Pouches Survey 2023 - Considerate Pouchers","og_description":"Considerate Pouchers, a leading consumer advocacy organization, is proud to announce the launch of the Nicotine Pouch Survey 2023, a comprehensive global survey designed to gather valuable insights from nicotine pouchers worldwide. The survey aims to better understand the preferences, experiences, and needs of pouch users, ultimately advocating for their voices to be heard by [&hellip;]","og_url":"https:\/\/cp.maintask.dev\/sv\/nikotinpasar-undersokning-2023\/","og_site_name":"Considerate Pouchers","article_publisher":"https:\/\/www.facebook.com\/cpouchers","article_modified_time":"2023-08-17T08:17:55+00:00","twitter_card":"summary_large_image","twitter_site":"@CPouchers","schema":{"@context":"https:\/\/schema.org","@graph":[{"@type":"WebPage","@id":"https:\/\/cp.maintask.dev\/nicotine-pouches-survey-2023\/","url":"https:\/\/cp.maintask.dev\/nicotine-pouches-survey-2023\/","name":"Nicotine Pouches Survey 2023 - Considerate Pouchers","isPartOf":{"@id":"https:\/\/consideratepouchers.org\/#website"},"datePublished":"2023-07-01T09:56:32+00:00","dateModified":"2023-08-17T08:17:55+00:00","breadcrumb":{"@id":"https:\/\/cp.maintask.dev\/nicotine-pouches-survey-2023\/#breadcrumb"},"inLanguage":"sv-SE","potentialAction":[{"@type":"ReadAction","target":["https:\/\/cp.maintask.dev\/nicotine-pouches-survey-2023\/"]}]},{"@type":"BreadcrumbList","@id":"https:\/\/cp.maintask.dev\/nicotine-pouches-survey-2023\/#breadcrumb","itemListElement":[{"@type":"ListItem","position":1,"name":"Home","item":"https:\/\/cp.maintask.dev\/"},{"@type":"ListItem","position":2,"name":"Nicotine Pouches Survey 2023"}]},{"@type":"WebSite","@id":"https:\/\/consideratepouchers.org\/#website","url":"https:\/\/consideratepouchers.org\/","name":"Considerate Pouchers","description":"Improving Health &amp; Combatting Misinformation","publisher":{"@id":"https:\/\/consideratepouchers.org\/#organization"},"potentialAction":[{"@type":"SearchAction","target":{"@type":"EntryPoint","urlTemplate":"https:\/\/consideratepouchers.org\/?s={search_term_string}"},"query-input":"required name=search_term_string"}],"inLanguage":"sv-SE"},{"@type":"Organization","@id":"https:\/\/consideratepouchers.org\/#organization","name":"Considerate Pouchers","url":"https:\/\/consideratepouchers.org\/","logo":{"@type":"ImageObject","inLanguage":"sv-SE","@id":"https:\/\/consideratepouchers.org\/#\/schema\/logo\/image\/","url":"https:\/\/cp.maintask.dev\/wp-content\/uploads\/2021\/07\/Considerate-Pouchers-lOGO.png","contentUrl":"https:\/\/cp.maintask.dev\/wp-content\/uploads\/2021\/07\/Considerate-Pouchers-lOGO.png","width":504,"height":504,"caption":"Considerate Pouchers"},"image":{"@id":"https:\/\/consideratepouchers.org\/#\/schema\/logo\/image\/"},"sameAs":["https:\/\/www.facebook.com\/cpouchers","https:\/\/twitter.com\/CPouchers","https:\/\/www.instagram.com\/cpouchers"]}]}},"_links":{"self":[{"href":"https:\/\/cp.maintask.dev\/sv\/wp-json\/wp\/v2\/pages\/1574","targetHints":{"allow":["GET"]}}],"collection":[{"href":"https:\/\/cp.maintask.dev\/sv\/wp-json\/wp\/v2\/pages"}],"about":[{"href":"https:\/\/cp.maintask.dev\/sv\/wp-json\/wp\/v2\/types\/page"}],"author":[{"embeddable":true,"href":"https:\/\/cp.maintask.dev\/sv\/wp-json\/wp\/v2\/users\/4"}],"replies":[{"embeddable":true,"href":"https:\/\/cp.maintask.dev\/sv\/wp-json\/wp\/v2\/comments?post=1574"}],"version-history":[{"count":5,"href":"https:\/\/cp.maintask.dev\/sv\/wp-json\/wp\/v2\/pages\/1574\/revisions"}],"predecessor-version":[{"id":1750,"href":"https:\/\/cp.maintask.dev\/sv\/wp-json\/wp\/v2\/pages\/1574\/revisions\/1750"}],"wp:attachment":[{"href":"https:\/\/cp.maintask.dev\/sv\/wp-json\/wp\/v2\/media?parent=1574"}],"curies":[{"name":"wp","href":"https:\/\/api.w.org\/{rel}","templated":true}]}}